{"id":101,"date":"2023-02-17T14:37:12","date_gmt":"2023-02-17T13:37:12","guid":{"rendered":"https:\/\/assistenzatecnica24h.com\/?page_id=101"},"modified":"2024-04-29T11:35:12","modified_gmt":"2024-04-29T09:35:12","slug":"motorizzazione-tapparelle","status":"publish","type":"page","link":"https:\/\/www.assistenzatecnica24h.com\/?page_id=101","title":{"rendered":"Motorizzazione tapparelle"},"content":{"rendered":"<div class=\"wpb-content-wrapper\"><p>[vc_row][vc_column width=&#8221;1\/2&#8243;][vc_column_text]Motorizzazione tapparelle: stanchi di continuare ad abbassare ed alzare le tapparelle di casa?<\/p>\n<p>Alzare ed abbassare le tapparelle e un&#8217;attivit\u00e0 che si fa almeno due volte al giorno, moltiplicata per tutte le tapparelle di casa.<\/p>\n<p>Quanto tempo e quanta fatica potresti risparmiare premendo semplicemente il tasto di un telecomando? La tapparella si alzerebbe da sola fino all&#8217;apertura massima, oppure potrebbe essere fermata, schiacciando nuovamente il tasto del telecomando, all&#8217;altezza desiderata. Sul telecomando possono essere presenti diversi tasti che corrispondono, ognuno di essi, ad una tapparella della tua casa in modo da gestire aperture singole oppure, premendo un ulteriore Tasto alzarle o abbassarle tutte insieme.<\/p>\n<p>Questo \u00e8 certamente una grande comodit\u00e0, in particolare per gli anziani. Se avete intenzione di fare un bel regalo, la motorizzazione delle serrande di casa \u00e8 di certo un grande regalo che sar\u00e0 apprezzato nel corso di tutti i mesi successivi.<\/p>\n<h2>Motorizzazione tapparelle: facile come premere un tasto<\/h2>\n<p>La motorizzazione delle serrande \u00e8 davvero semplice: pensiamo noi a tutto, allo smontaggio al montaggio del motore serrande, alla prova del telecomando. Possiamo motorizzare tutte le serrande di casa oppure soltanto alcune. Una volta terminato sar\u00e0 tutto pulito, senza spazzatura da buttare, non occorrono opere murarie, il tecnico vi spiegher\u00e0, in modo molto semplice, come usare il telecomando.[\/vc_column_text][\/vc_column][vc_column width=&#8221;1\/2&#8243;][vc_column_text]<\/p>\n<p><img loading=\"lazy\" decoding=\"async\" class=\"wp-image-303 size-full aligncenter\" src=\"https:\/\/assistenzatecnica24h.com\/wp-content\/uploads\/2023\/02\/motorizzazione-tapparelle.png\" alt=\"motorizzazione tapparelle Biella\" width=\"768\" height=\"939\" srcset=\"https:\/\/www.assistenzatecnica24h.com\/wp-content\/uploads\/2023\/02\/motorizzazione-tapparelle.png 768w, https:\/\/www.assistenzatecnica24h.com\/wp-content\/uploads\/2023\/02\/motorizzazione-tapparelle-245x300.png 245w\" sizes=\"auto, (max-width: 768px) 100vw, 768px\" \/><\/p>\n<p>[\/vc_column_text][\/vc_column][\/vc_row][vc_row][vc_column width=&#8221;1\/2&#8243;][vc_column_text]<\/p>\n<h2>Motorizzazione tapparelle: richiesta preventivo.<\/h2>\n<p>Compila il form qui sotto per chiedere un preventivo oppure, chiamaci per prendere appuntamento per un sopralluogo senza impegno. Ti verr\u00e0 fatto un preventivo sul luogo e, se andr\u00e0 bene, inizieremo i lavori seduta stante.[\/vc_column_text]\n<div class=\"wpcf7 no-js\" id=\"wpcf7-f7-o1\" lang=\"it-IT\" dir=\"ltr\" data-wpcf7-id=\"7\">\n<div class=\"screen-reader-response\"><p role=\"status\" aria-live=\"polite\" aria-atomic=\"true\"><\/p> <ul><\/ul><\/div>\n<form action=\"\/index.php?rest_route=%2Fwp%2Fv2%2Fpages%2F101#wpcf7-f7-o1\" method=\"post\" class=\"wpcf7-form init\" aria-label=\"Modulo di contatto\" novalidate=\"novalidate\" data-status=\"init\">\n<fieldset class=\"hidden-fields-container\"><input type=\"hidden\" name=\"_wpcf7\" value=\"7\" \/><input type=\"hidden\" name=\"_wpcf7_version\" value=\"6.1.5\" \/><input type=\"hidden\" name=\"_wpcf7_locale\" value=\"it_IT\" \/><input type=\"hidden\" name=\"_wpcf7_unit_tag\" value=\"wpcf7-f7-o1\" \/><input type=\"hidden\" name=\"_wpcf7_container_post\" value=\"0\" \/><input type=\"hidden\" name=\"_wpcf7_posted_data_hash\" value=\"\" \/>\n<\/fieldset>\n<p><label><span class=\"wpcf7-form-control-wrap\" data-name=\"text-411\"><input size=\"40\" maxlength=\"400\" class=\"wpcf7-form-control wpcf7-text\" aria-invalid=\"false\" placeholder=\"Nome e cognome\" value=\"\" type=\"text\" name=\"text-411\" \/><\/span><br \/>\n<\/label><br \/>\n<label><span class=\"wpcf7-form-control-wrap\" data-name=\"your-email\"><input size=\"40\" maxlength=\"400\" class=\"wpcf7-form-control wpcf7-email wpcf7-validates-as-required wpcf7-text wpcf7-validates-as-email\" autocomplete=\"email\" aria-required=\"true\" aria-invalid=\"false\" placeholder=\"Email\" value=\"\" type=\"email\" name=\"your-email\" \/><\/span><br \/>\n<\/label><br \/>\n<label><span class=\"wpcf7-form-control-wrap\" data-name=\"tel-107\"><input size=\"40\" maxlength=\"400\" class=\"wpcf7-form-control wpcf7-tel wpcf7-validates-as-required wpcf7-text wpcf7-validates-as-tel\" aria-required=\"true\" aria-invalid=\"false\" placeholder=\"Telefono\" value=\"\" type=\"tel\" name=\"tel-107\" \/><\/span><br \/>\n<\/label><br \/>\n<label><br \/>\n<span class=\"wpcf7-form-control-wrap\" data-name=\"your-message\"><textarea cols=\"40\" rows=\"10\" maxlength=\"2000\" class=\"wpcf7-form-control wpcf7-textarea\" aria-invalid=\"false\" placeholder=\"Richiesta preventivo per...\" name=\"your-message\"><\/textarea><\/span><br \/>\n<\/label>\n<\/p>\n<p><span class=\"wpcf7-form-control-wrap kc_captcha\" data-name=\"kc_captcha\"><span class=\"wpcf7-form-control wpcf7-radio\"><span class=\"captcha-image\" ><span class=\"cf7ic_instructions\">Dimostra di essere umano selezionando<span> stella<\/span>.<\/span><label><input aria-label=\"1\" type=\"radio\" name=\"kc_captcha\" value=\"bot\" \/><svg aria-hidden=\"true\" role=\"img\" xmlns=\"http:\/\/www.w3.org\/2000\/svg\" viewBox=\"0 0 576 512\"><path fill=\"currentColor\" d=\"M488 313v143c0 13-11 24-24 24H348c-7 0-12-5-12-12V356c0-7-5-12-12-12h-72c-7 0-12 5-12 12v112c0 7-5 12-12 12H112c-13 0-24-11-24-24V313c0-4 2-7 4-10l188-154c5-4 11-4 16 0l188 154c2 3 4 6 4 10zm84-61l-84-69V44c0-6-5-12-12-12h-56c-7 0-12 6-12 12v73l-89-74a48 48 0 00-61 0L4 252c-5 4-5 12-1 17l25 31c5 5 12 5 17 1l235-193c5-4 11-4 16 0l235 193c5 5 13 4 17-1l25-31c4-6 4-13-1-17z\"\/><\/svg><\/label><label><input aria-label=\"2\" type=\"radio\" name=\"kc_captcha\" value=\"kc_human\" \/><svg aria-hidden=\"true\" role=\"img\" xmlns=\"http:\/\/www.w3.org\/2000\/svg\" viewBox=\"0 0 576 512\"><path fill=\"currentColor\" d=\"M259 18l-65 132-146 22c-26 3-37 36-18 54l106 103-25 146c-5 26 23 46 46 33l131-68 131 68c23 13 51-7 46-33l-25-146 106-103c19-18 8-51-18-54l-146-22-65-132a32 32 0 00-58 0z\"\/><\/svg><\/label><label><input aria-label=\"3\" type=\"radio\" name=\"kc_captcha\" value=\"bot\" \/><svg aria-hidden=\"true\" role=\"img\" xmlns=\"http:\/\/www.w3.org\/2000\/svg\" viewBox=\"0 0 640 512\"><path fill=\"currentColor\" d=\"M192 384h192c53 0 96-43 96-96h32a128 128 0 000-256H120c-13 0-24 11-24 24v232c0 53 43 96 96 96zM512 96a64 64 0 010 128h-32V96h32zm48 384H48c-47 0-61-64-36-64h584c25 0 11 64-36 64z\"\/><\/svg><\/label>\r\n    <\/span>\r\n    <span style=\"display:none\">\r\n        <input type=\"text\" name=\"kc_honeypot\">\r\n    <\/span><\/span><\/span>\n<\/p>\n<p><input class=\"wpcf7-form-control wpcf7-submit has-spinner\" type=\"submit\" value=\"Invia\" \/>\n<\/p><div class=\"wpcf7-response-output\" aria-hidden=\"true\"><\/div>\n<\/form>\n<\/div>\n[\/vc_column][vc_column width=&#8221;1\/2&#8243;][vc_column_text]<\/p>\n<h2>Mettiamo il motore ad ogni tapparella<\/h2>\n<p><a href=\"https:\/\/assistenzatecnica24h.com\/\">Motorizziamo qualsiasi tipo di tapparella<\/a> in qualsiasi materiale.<br \/>\nLe nostre motorizzazioni possono essere effettuate su tapparelle di qualsiasi forma e dimensione, eventualmente anche situate in posti non molto comodi. I nostri tecnici sono esperti e veloci. Al termine dell&#8217;installazione vi spiegheremo come utilizzare il telecomando e resteremo con voi sino a che non lo saprete utilizzare nel migliore dei modi.<\/p>\n<p>Uuna volta che ci sposteremo dalla vostra abitazione, porteremo con noi tutti gli eventuali rifiuti, che provvederemo a smaltire nelle isole ecologiche. Ricordiamo che, per l&#8217;installazione la motorizzazione delle tapparelle, non occorre alcuna opera muraria. Il tempo medio \u00e8 un po&#8217; meno di un&#8217;ora ma, per le tapparelle molto grandi, si pu\u00f2 arrivare anche a un paio di ore.<\/p>\n<p>\u00c8 sempre consigliabile richiedere un sopralluogo senza impegno, a quel punto possiamo dirvi con certezza il preventivo e anche quanto tempo ci impiegheremo. In tutti i casi, se vorrete e se sarete comodi, all&#8217;accettazione del preventivo possiamo iniziare subito i lavori seduta stante.[\/vc_column_text][\/vc_column][\/vc_row][vc_column width=&#8221;1\/3&#8243;][vc_column_text]<img loading=\"lazy\" decoding=\"async\" class=\"alignnone size-medium wp-image-339\" src=\"https:\/\/assistenzatecnica24h.com\/wp-content\/uploads\/2023\/02\/sostituzione-serrature-300x289.webp\" alt=\"sostituzione serrature\" width=\"300\" height=\"289\" srcset=\"https:\/\/www.assistenzatecnica24h.com\/wp-content\/uploads\/2023\/02\/sostituzione-serrature-300x289.webp 300w, https:\/\/www.assistenzatecnica24h.com\/wp-content\/uploads\/2023\/02\/sostituzione-serrature.webp 676w\" sizes=\"auto, (max-width: 300px) 100vw, 300px\" \/>[\/vc_column_text][\/vc_column][vc_column width=&#8221;1\/3&#8243;][vc_column_text]<img loading=\"lazy\" decoding=\"async\" class=\"alignnone size-medium wp-image-248\" src=\"https:\/\/assistenzatecnica24h.com\/wp-content\/uploads\/2023\/02\/marche-serrature-300x146.png\" alt=\"\" width=\"300\" height=\"146\" srcset=\"https:\/\/www.assistenzatecnica24h.com\/wp-content\/uploads\/2023\/02\/marche-serrature-300x146.png 300w, https:\/\/www.assistenzatecnica24h.com\/wp-content\/uploads\/2023\/02\/marche-serrature.png 575w\" sizes=\"auto, (max-width: 300px) 100vw, 300px\" \/>[\/vc_column_text][\/vc_column][vc_column width=&#8221;1\/3&#8243;][vc_column_text]<img loading=\"lazy\" decoding=\"async\" class=\"alignnone size-medium wp-image-158\" src=\"https:\/\/assistenzatecnica24h.com\/wp-content\/uploads\/2023\/02\/ASSISTENZA24H-e1676906353750-226x300.webp\" alt=\"FABBRO 24 ORE\" width=\"226\" height=\"300\" srcset=\"https:\/\/www.assistenzatecnica24h.com\/wp-content\/uploads\/2023\/02\/ASSISTENZA24H-e1676906353750-226x300.webp 226w, https:\/\/www.assistenzatecnica24h.com\/wp-content\/uploads\/2023\/02\/ASSISTENZA24H-e1676906353750.webp 400w\" sizes=\"auto, (max-width: 226px) 100vw, 226px\" \/>[\/vc_column_text][\/vc_column][vc_row][vc_column][vc_column_text]Se desideri un modo pratico e sicuro per gestire le tue tapparelle, la motorizzazione tapparelle \u00e8 la soluzione ideale. In questo articolo, esploriamo il concetto di motorizzazione delle tapparelle, cosa fare se si ha bisogno di assistenza e come il nostro servizio di pronto intervento per motorizzazione tapparelle pu\u00f2 risolvere prontamente ogni tua esigenza.<\/p>\n<p><strong>Cos&#8217;\u00e8 la Motorizzazione Tapparelle? <\/strong>La motorizzazione tapparelle \u00e8 un sistema innovativo che aggiunge un motore elettrico alle tue tapparelle, permettendoti di aprirle e chiuderle con la massima comodit\u00e0. Questa tecnologia non solo semplifica la tua vita quotidiana, ma aumenta anche la sicurezza della tua abitazione, consentendoti di controllare facilmente l&#8217;accesso alla tua casa o al tuo ufficio.<\/p>\n<p><strong>Cosa Fare in Caso di Necessit\u00e0?\u00a0<\/strong>Se incontri difficolt\u00e0 o problemi con la motorizzazione delle tapparelle, \u00e8 essenziale agire tempestivamente per evitare inconvenienti e garantire il corretto funzionamento del sistema. In caso di guasti o malfunzionamenti, il consiglio \u00e8 di contattare immediatamente un servizio di pronto intervento specializzato nella motorizzazione tapparelle. La nostra squadra \u00e8 pronta a rispondere a ogni tua chiamata, 24 ore su 24.<\/p>\n<p><strong>Il Nostro Servizio di Pronto Intervento per Motorizzazione Tapparelle.\u00a0<\/strong>La nostra squadra di pronto intervento \u00e8 composta da professionisti altamente qualificati, specializzati nella motorizzazione tapparelle. Dotati di strumenti all&#8217;avanguardia e competenze approfondite, siamo pronti a risolvere qualsiasi problema in modo rapido ed efficiente. La tua sicurezza e il corretto funzionamento delle tapparelle sono le nostre priorit\u00e0 principali.<\/p>\n<p><a href=\"https:\/\/www.blindoserr.it\/\" target=\"_blank\" rel=\"noopener\"><strong>Contattaci per Ogni Urgenza.\u00a0<\/strong><\/a>Se hai bisogno di assistenza immediata per la motorizzazione delle tapparelle, contattaci senza esitazioni. Siamo disponibili 24\/7 per rispondere alle tue chiamate e inviare rapidamente un tecnico qualificato sul luogo del problema. La tua tranquillit\u00e0 \u00e8 la nostra missione.<\/p>\n<p>Non rimandare la manutenzione o la riparazione delle motorizzazioni tapparelle. Chiama il nostro servizio di pronto intervento per garantire che il tuo sistema funzioni in modo ottimale. Motorizzazione tapparelle: la scelta intelligente per un controllo facile e sicuro delle tue tapparelle.[\/vc_column_text][\/vc_column][\/vc_row]<\/p>\n<\/div>","protected":false},"excerpt":{"rendered":"<p>[vc_row][vc_column width=&#8221;1\/2&#8243;][vc_column_text]Motorizzazione tapparelle: stanchi di continuare ad abbassare ed alzare le tapparelle di casa? Alzare ed abbassare le tapparelle e un&#8217;attivit\u00e0 che si fa almeno due volte al giorno, moltiplicata per tutte le tapparelle di casa. Quanto tempo e quanta fatica potresti risparmiare premendo semplicemente il tasto di un telecomando? La tapparella si alzerebbe da<a href=\"https:\/\/www.assistenzatecnica24h.com\/?page_id=101\" class=\"more-link\">Read More<\/a><\/p>\n","protected":false},"author":3,"featured_media":301,"parent":0,"menu_order":0,"comment_status":"closed","ping_status":"closed","template":"","meta":{"footnotes":""},"class_list":["post-101","page","type-page","status-publish","has-post-thumbnail","hentry"],"_links":{"self":[{"href":"https:\/\/www.assistenzatecnica24h.com\/index.php?rest_route=\/wp\/v2\/pages\/101","targetHints":{"allow":["GET"]}}],"collection":[{"href":"https:\/\/www.assistenzatecnica24h.com\/index.php?rest_route=\/wp\/v2\/pages"}],"about":[{"href":"https:\/\/www.assistenzatecnica24h.com\/index.php?rest_route=\/wp\/v2\/types\/page"}],"author":[{"embeddable":true,"href":"https:\/\/www.assistenzatecnica24h.com\/index.php?rest_route=\/wp\/v2\/users\/3"}],"replies":[{"embeddable":true,"href":"https:\/\/www.assistenzatecnica24h.com\/index.php?rest_route=%2Fwp%2Fv2%2Fcomments&post=101"}],"version-history":[{"count":18,"href":"https:\/\/www.assistenzatecnica24h.com\/index.php?rest_route=\/wp\/v2\/pages\/101\/revisions"}],"predecessor-version":[{"id":709,"href":"https:\/\/www.assistenzatecnica24h.com\/index.php?rest_route=\/wp\/v2\/pages\/101\/revisions\/709"}],"wp:featuredmedia":[{"embeddable":true,"href":"https:\/\/www.assistenzatecnica24h.com\/index.php?rest_route=\/wp\/v2\/media\/301"}],"wp:attachment":[{"href":"https:\/\/www.assistenzatecnica24h.com\/index.php?rest_route=%2Fwp%2Fv2%2Fmedia&parent=101"}],"curies":[{"name":"wp","href":"https:\/\/api.w.org\/{rel}","templated":true}]}}