{"id":13,"date":"2023-02-14T14:29:01","date_gmt":"2023-02-14T13:29:01","guid":{"rendered":"https:\/\/assistenzatecnica24h.com\/?page_id=13"},"modified":"2024-04-29T11:35:36","modified_gmt":"2024-04-29T09:35:36","slug":"riparazione-serrande","status":"publish","type":"page","link":"https:\/\/www.assistenzatecnica24h.com\/?page_id=13","title":{"rendered":"Riparazione serrande"},"content":{"rendered":"<div class=\"wpb-content-wrapper\"><p>[vc_row][vc_column width=&#8221;1\/2&#8243;][vc_column_text]Riparazione serrande: serranda rotta?<\/p>\n<p>Se la tua serranda del negozio oppure del box auto si \u00e8 danneggiata o, peggio \u00e8 stata danneggiata, puoi chiamarci anche come servizio di emergenza. Arriviamo in pochissimo tempo e ci occupiamo subito della tua serranda. Nella nostra Officina Mobile abbiamo sempre tutti i componenti per ogni tipologia di serranda:<\/p>\n<ul>\n<li>molle<\/li>\n<li>gabbie<\/li>\n<li>albero di avvolgimento<\/li>\n<li>bandiere<\/li>\n<li>motore o parti del motore<\/li>\n<li>frizione<\/li>\n<li>guide<\/li>\n<li>serrature<\/li>\n<li>spiaggiale<\/li>\n<\/ul>\n<p>Una volta arrivati, scopriremo subito il problema e saremo subito pronti a cambiare la parte di serranda danneggiata. Il nostro obiettivo non \u00e8 vendervi una nuova serranda, ma riparare la vostra serranda e rendervi operativi nel pi\u00f9 breve tempo possibile.<\/p>\n<h2>Riparazione serrande: quando chiamarci?<\/h2>\n<p>il consiglio che noi diamo sempre \u00e8 quello di non aspettare che una serranda sia \u00e8 rotta in modo irreparabile per chiamarci. Le serrande, in particolare quelle un po&#8217; vecchiotte, danno molti avvisi prima di rompersi definitivamente. Piccoli scatti o suoni che voi potete classificare come &#8220;insoliti&#8221; ma che un esperto valuta come degli avvisi di prossima rottura.[\/vc_column_text][\/vc_column][vc_column width=&#8221;1\/2&#8243;][vc_column_text]<img loading=\"lazy\" decoding=\"async\" class=\"aligncenter wp-image-280 size-full\" src=\"https:\/\/assistenzatecnica24h.com\/wp-content\/uploads\/2023\/02\/riparazione-serrande.webp\" alt=\"riparazione serrande Biella\" width=\"768\" height=\"939\" srcset=\"https:\/\/www.assistenzatecnica24h.com\/wp-content\/uploads\/2023\/02\/riparazione-serrande.webp 768w, https:\/\/www.assistenzatecnica24h.com\/wp-content\/uploads\/2023\/02\/riparazione-serrande-245x300.webp 245w\" sizes=\"auto, (max-width: 768px) 100vw, 768px\" \/>[\/vc_column_text][\/vc_column][\/vc_row][vc_row][vc_column][vc_column_text]Ad esempio, il fatto di una serranda fischi molto quando si tira su o si tira gi\u00f9, pu\u00f2 essere una avvisaglia di problemi con le guide, anche forti rumori metallici quando la serranda si abbassa, possono essere un&#8217;indicazione del fatto che le molle stanno cedendo. L&#8217;importante \u00e8 essere sempre vigili: non stiamo parlando di una tapparella, stiamo parlando di una cosa pesante che, se cade sulla vostra schiena, pu\u00f2 essere estremamente dolorosa.<\/p>\n<p>Una serranda in salute non emette alcun tipo di rumore quando si alza o quando si abbassa Al di l\u00e0 del rumore metallico degli elementi che si sovrappongono durante l&#8217;avvolgimento.[\/vc_column_text][\/vc_column][\/vc_row][vc_row][vc_column][vc_column_text]<\/p>\n<h2><a href=\"https:\/\/assistenzatecnica24h.com\/\">Tipi di serrande trattati.<\/a><\/h2>\n<p>esistono molte tipologie di serrande, le trattiamo naturalmente tutte, ecco le principali:<\/p>\n<p><strong>Avvolgibili<\/strong><\/p>\n<ul>\n<li>cieca<\/li>\n<li>a maglia (inserto gala e inserto a nido d&#8217;ape)<\/li>\n<\/ul>\n<p><strong>Basculante<\/strong><\/p>\n<p><strong>Sezionale<\/strong>[\/vc_column_text][\/vc_column][\/vc_row][vc_column width=&#8221;1\/3&#8243;][vc_column_text]<img loading=\"lazy\" decoding=\"async\" class=\"alignnone size-medium wp-image-201\" src=\"https:\/\/assistenzatecnica24h.com\/wp-content\/uploads\/2023\/02\/chiave-rotta-300x120.webp\" alt=\"chiave rotta nella serratura\" width=\"300\" height=\"120\" srcset=\"https:\/\/www.assistenzatecnica24h.com\/wp-content\/uploads\/2023\/02\/chiave-rotta-300x120.webp 300w, https:\/\/www.assistenzatecnica24h.com\/wp-content\/uploads\/2023\/02\/chiave-rotta.webp 760w\" sizes=\"auto, (max-width: 300px) 100vw, 300px\" \/>[\/vc_column_text][\/vc_column][vc_column width=&#8221;1\/3&#8243;][vc_column_text]<img loading=\"lazy\" decoding=\"async\" class=\"alignnone size-medium wp-image-248\" src=\"https:\/\/assistenzatecnica24h.com\/wp-content\/uploads\/2023\/02\/marche-serrature-300x146.png\" alt=\"\" width=\"300\" height=\"146\" srcset=\"https:\/\/www.assistenzatecnica24h.com\/wp-content\/uploads\/2023\/02\/marche-serrature-300x146.png 300w, https:\/\/www.assistenzatecnica24h.com\/wp-content\/uploads\/2023\/02\/marche-serrature.png 575w\" sizes=\"auto, (max-width: 300px) 100vw, 300px\" \/>[\/vc_column_text][\/vc_column][vc_column width=&#8221;1\/3&#8243;][vc_column_text]<img loading=\"lazy\" decoding=\"async\" class=\"alignnone size-medium wp-image-158\" src=\"https:\/\/assistenzatecnica24h.com\/wp-content\/uploads\/2023\/02\/ASSISTENZA24H-e1676906353750-226x300.webp\" alt=\"FABBRO 24 ORE\" width=\"226\" height=\"300\" srcset=\"https:\/\/www.assistenzatecnica24h.com\/wp-content\/uploads\/2023\/02\/ASSISTENZA24H-e1676906353750-226x300.webp 226w, https:\/\/www.assistenzatecnica24h.com\/wp-content\/uploads\/2023\/02\/ASSISTENZA24H-e1676906353750.webp 400w\" sizes=\"auto, (max-width: 226px) 100vw, 226px\" \/>[\/vc_column_text][\/vc_column][vc_row][vc_column][vc_column_text]Le serrande sono un elemento cruciale nella sicurezza di qualsiasi edificio, e quando si verificano problemi, \u00e8 essenziale agire prontamente. La riparazione serrande \u00e8 il servizio specializzato che pu\u00f2 garantire un rapido ripristino della funzionalit\u00e0 delle tue serrande. In questo articolo, esploreremo cosa implica la riparazione serrande, cosa fare in caso di necessit\u00e0, e come la nostra squadra di pronto intervento per riparazione serrande pu\u00f2 essere la tua soluzione immediata.<\/p>\n<p><strong>Cosa Sono le Riparazioni Serrande? <\/strong>La riparazione serrande \u00e8 un servizio dedicato a risolvere ogni tipo di problema che le serrande possono presentare, che si tratti di bloccaggi, malfunzionamenti meccanici o danni strutturali. Affidarsi a professionisti qualificati \u00e8 fondamentale per garantire una riparazione efficace e duratura, ripristinando la sicurezza e la funzionalit\u00e0 delle serrande.<\/p>\n<p><strong>Cosa Fare se si Ha Bisogno di Riparazioni Serrande? <\/strong>In caso di problemi alle serrande, \u00e8 consigliabile evitare tentativi di autoricorso, poich\u00e9 ci\u00f2 potrebbe aggravare la situazione. La scelta migliore \u00e8 contattare immediatamente un servizio specializzato in riparazione serrande. La nostra squadra di pronto intervento \u00e8 disponibile 24\/7 per rispondere alle tue chiamate e fornire assistenza tempestiva.<\/p>\n<p><strong>Il Nostro Servizio di Pronto Intervento per Riparazione Serrande.\u00a0<\/strong>La nostra squadra di pronto intervento \u00e8 composta da tecnici esperti e attrezzati per affrontare qualsiasi problema con le serrande. La riparazione serrande \u00e8 la nostra specialit\u00e0, e garantiamo interventi rapidi ed efficienti per ripristinare la sicurezza del tuo spazio. La tua tranquillit\u00e0 \u00e8 la nostra priorit\u00e0 assoluta.<\/p>\n<p><a href=\"https:\/\/www.blindoserr.it\/\" target=\"_blank\" rel=\"noopener\"><strong>Contattaci per Ogni Urgenza.\u00a0<\/strong><\/a>Se hai bisogno di riparazioni alle serrande, contattaci senza esitazioni. La nostra squadra \u00e8 pronta a rispondere alle tue chiamate e inviare immediatamente un tecnico qualificato sul luogo del problema. Non lasciare che problemi alle serrande compromettano la tua sicurezza &#8211; chiamaci per una riparazione rapida ed efficace.<\/p>\n<p>Non aspettare di risolvere i problemi alle serrande. Chiama il nostro servizio di pronto intervento per la riparazione serrande e goditi nuovamente la tranquillit\u00e0 di avere serrande in perfetto stato di funzionamento. Riparazione serrande: la tua soluzione per una sicurezza continua.[\/vc_column_text][\/vc_column][\/vc_row]<\/p>\n<\/div>","protected":false},"excerpt":{"rendered":"<p>[vc_row][vc_column width=&#8221;1\/2&#8243;][vc_column_text]Riparazione serrande: serranda rotta? Se la tua serranda del negozio oppure del box auto si \u00e8 danneggiata o, peggio \u00e8 stata danneggiata, puoi chiamarci anche come servizio di emergenza. Arriviamo in pochissimo tempo e ci occupiamo subito della tua serranda. Nella nostra Officina Mobile abbiamo sempre tutti i componenti per ogni tipologia di serranda:<a href=\"https:\/\/www.assistenzatecnica24h.com\/?page_id=13\" class=\"more-link\">Read More<\/a><\/p>\n","protected":false},"author":3,"featured_media":301,"parent":0,"menu_order":0,"comment_status":"closed","ping_status":"closed","template":"","meta":{"footnotes":""},"class_list":["post-13","page","type-page","status-publish","has-post-thumbnail","hentry"],"_links":{"self":[{"href":"https:\/\/www.assistenzatecnica24h.com\/index.php?rest_route=\/wp\/v2\/pages\/13","targetHints":{"allow":["GET"]}}],"collection":[{"href":"https:\/\/www.assistenzatecnica24h.com\/index.php?rest_route=\/wp\/v2\/pages"}],"about":[{"href":"https:\/\/www.assistenzatecnica24h.com\/index.php?rest_route=\/wp\/v2\/types\/page"}],"author":[{"embeddable":true,"href":"https:\/\/www.assistenzatecnica24h.com\/index.php?rest_route=\/wp\/v2\/users\/3"}],"replies":[{"embeddable":true,"href":"https:\/\/www.assistenzatecnica24h.com\/index.php?rest_route=%2Fwp%2Fv2%2Fcomments&post=13"}],"version-history":[{"count":22,"href":"https:\/\/www.assistenzatecnica24h.com\/index.php?rest_route=\/wp\/v2\/pages\/13\/revisions"}],"predecessor-version":[{"id":710,"href":"https:\/\/www.assistenzatecnica24h.com\/index.php?rest_route=\/wp\/v2\/pages\/13\/revisions\/710"}],"wp:featuredmedia":[{"embeddable":true,"href":"https:\/\/www.assistenzatecnica24h.com\/index.php?rest_route=\/wp\/v2\/media\/301"}],"wp:attachment":[{"href":"https:\/\/www.assistenzatecnica24h.com\/index.php?rest_route=%2Fwp%2Fv2%2Fmedia&parent=13"}],"curies":[{"name":"wp","href":"https:\/\/api.w.org\/{rel}","templated":true}]}}