{"id":18,"date":"2023-02-14T14:21:58","date_gmt":"2023-02-14T13:21:58","guid":{"rendered":"https:\/\/assistenzatecnica24h.com\/?page_id=18"},"modified":"2024-04-29T11:29:36","modified_gmt":"2024-04-29T09:29:36","slug":"apertura-porte","status":"publish","type":"page","link":"https:\/\/www.assistenzatecnica24h.com\/?page_id=18","title":{"rendered":"Apertura porte"},"content":{"rendered":"<div class=\"wpb-content-wrapper\"><p>[vc_row][vc_column width=&#8221;1\/2&#8243;][vc_column_text]Apertura porte: sei rimasto chiuso fuori casa? Chiama subito il numero 351 88 16 239. Arriviamo in 15 minuti a casa tua e ti aiutiamo ad aprire la tua porta di legno o blindata in pochissimo tempo e senza alcun danno.<\/p>\n<h2>Apertura porte: chiama un fabbro esperto.<\/h2>\n<p>A rispondere alla tua chiamata sar\u00e0 una operatrice esperta: con poche domande identificher\u00e0 subito il tuo problema e potr\u00e0 inviarti il professionista giusto per te con tutti gli strumenti professionali necessari ad eseguire lo sblocco\u00a0 della porta. Lavoriamo sette giorni su sette e 24 ore su 24 quindi puoi chiamarci in qualsiasi momento per aprire la tua porta: il nostro intervento, a qualsiasi ora tu ci chiamerai, sar\u00e0 entro 15 minuti.<\/p>\n<p>Quando il fabbro arriva da te per l&#8217;apertura porte ha gi\u00e0 tutto l&#8217;occorrente. Non dovr\u00e0 quindi tornare in sede per prendere altri accessori, tutto sar\u00e0 nell&#8217;officina meccanica, quindi potr\u00e0 rimanere ad assisterti.[\/vc_column_text][vc_column_text]<\/p>\n<blockquote>\n<p style=\"text-align: center;\">La cortesia ed il rispetto del cliente prima di tutto<\/p>\n<\/blockquote>\n<p>[\/vc_column_text][vc_column_text]Bisogna aprire una porta, ma ci sono molti motivi per cui una porta deve essere aperta: i principali sicuramente sono chiavi dimenticate all&#8217;interno e porta chiusa, chiavi perse smarrite o rubate e porta chiusa con giro di chiave, serratura bloccata, chiave che si \u00e8 rotta. Qualunque sia la motivazione per cui ci state chiamando per rientrare in casa sappiate che arriveremo subito e ci occuperemo immediatamente e completamente del problema[\/vc_column_text][\/vc_column][vc_column width=&#8221;1\/2&#8243;][vc_column_text]<img loading=\"lazy\" decoding=\"async\" class=\"aligncenter wp-image-367 size-full\" src=\"https:\/\/assistenzatecnica24h.com\/wp-content\/uploads\/2023\/02\/apertura-porte-1.webp\" alt=\"apertura porte Biella\" width=\"563\" height=\"716\" srcset=\"https:\/\/www.assistenzatecnica24h.com\/wp-content\/uploads\/2023\/02\/apertura-porte-1.webp 563w, https:\/\/www.assistenzatecnica24h.com\/wp-content\/uploads\/2023\/02\/apertura-porte-1-236x300.webp 236w\" sizes=\"auto, (max-width: 563px) 100vw, 563px\" \/>[\/vc_column_text][\/vc_column][\/vc_row][vc_row][vc_column width=&#8221;1\/2&#8243;][vc_column_text]<\/p>\n<h2>Apertura porta blindata<\/h2>\n<p>Se devi aprire la tua porta blindata puoi chiamarci ed arriviamo subito da te. Apriamo porte di qualsiasi marca e modello senza danno, comprese quelle con il famoso cilindro europeo di sicurezza.<\/p>\n<p>Seguiamo mensilmente corsi di aggiornamento su tutte le pi\u00f9 importanti serrature siamo quindi in grado di aprire qualsiasi tipologia di porta blindata anche le ultime arrivate sul mercato.<\/p>\n<p>Se una porta si pu\u00f2 aprire, anche se \u00e8 una di ultima generazione, magari chiusa con sei mandate di chiave, noi possiamo aprire tutto e cerchiamo sempre di farlo senza arrecare alcun danno.[\/vc_column_text][\/vc_column][vc_column width=&#8221;1\/2&#8243;][vc_column_text]<\/p>\n<h2>Pronto intervento porte<\/h2>\n<p>Da anni ci occupiamo dell&#8217;apertura porte di emergenza: siamo specializzati nel lavoro di urgenza a qualsiasi ora del giorno o della notte.<\/p>\n<p>Amiamo il nostro lavoro di pronto intervento porte e ci piace vedere i nostri clienti soddisfatti che finalmente possono rientrare nella loro casa. Il lavoro di pronto intervento porte inizia dalla telefonata: l&#8217;operatrice vi informer\u00e0 subito al telefono sul costo della chiamata (che varia in base all&#8217;orario) vi dar\u00e0 anche informazioni utili:<\/p>\n<ul>\n<li>Entro quanto tempo possiamo raggiungervi al vostro domicilio<\/li>\n<li>Quanto potrebbe volerci per l&#8217;intervento (in media)<\/li>\n<\/ul>\n<p>sar\u00e0 l&#8217;operatrice, in base a quello che direte, a scegliere il fabbro migliore per la vostra situazione.[\/vc_column_text][\/vc_column][\/vc_row][vc_row][vc_column width=&#8221;1\/2&#8243;][vc_column_text]<\/p>\n<h2>Assistenza Porte<\/h2>\n<p>Offriamo assistenza porte che vanno dallo sblocco della porta in emergenza sino al cambio completo della porta (sempre di emergenza). Mettiamo ad esempio che dei ladri abbiano sfondato la vostra porta di casa: chiaramente non si pu\u00f2 passare la notte con un occhio aperto perch\u00e9 la vostra porta d&#8217;ingresso \u00e8 rotta! E magari si vede anche all&#8217;interno dell&#8217;abitazione! Chiamateci e spiegateci il problema: noi arriviamo e vi cambiamo la porta di legno o la porta blindata me ne mettiamo una nuova, che si chiude, in modo da farvi dormire sonni tranquilli.[\/vc_column_text][\/vc_column][vc_column width=&#8221;1\/2&#8243; css=&#8221;.vc_custom_1676903596414{background-color: rgba(255,189,58,0.39) !important;*background-color: rgb(255,189,58) !important;}&#8221;][vc_column_text]<\/p>\n<h3><a href=\"https:\/\/assistenzatecnica24h.com\/\">Il nostro consiglio:<\/a><\/h3>\n<p>il fai da te \u00e8 spesso \u00e8 molto utile e consente di risparmiare in parecchie occasioni dei soldi. Il problema del fai da te, quando si parla di porta o serratura, in particolare di una porta moderna e di una serratura moderna, \u00e8 che, anzich\u00e9 risparmiare, si rischia di spendere di pi\u00f9.<\/p>\n<p>Continuare a sforzare una serratura che \u00e8 bloccata o che non gira bene oppure continuare a tentare di aprire una porta mettendoci sempre pi\u00f9 forza, potrebbe romperla definitivamente.<br \/>\nNell&#8217;apertura porte vanno bene tutte quelle termiche che non implicano l&#8217;uso della forza in modo da preservare sia la porta che la serratura.<\/p>\n<p>Capita spesso nei nostri interventi che prima una situazione semplice, si trasformi in una complessa e dispendiosa,\u00a0 dopo un tentativo di risoluzione da parte di una persona non esperta.[\/vc_column_text][\/vc_column][\/vc_row][vc_row full_width=&#8221;stretch_row&#8221; css=&#8221;.vc_custom_1676903394383{background-color: #f9f9f9 !important;}&#8221;][vc_column width=&#8221;1\/2&#8243;][vc_column_text]<\/p>\n<h3>Sostituzione porte: richiesta di preventivo<\/h3>\n<p>[\/vc_column_text][vc_column_text]Se devi sostituire la tua porta blindata o la tua porta di legno, o se devi sostituire la tua porta di legno con una blindata e non hai particolare urgenza, contattaci per un preventivo.<\/p>\n<p>Compila il form in questa pagina e, in 24 ore, riceverai il nostro miglior prezzo, unitamente alle tempistiche di intervento. Noi lavoriamo sempre con le emergenze e quindi siamo abbastanza rapidi nel il montaggio e nel cambio delle porte. Chiedici pure il preventivo potremmo essere concorrenziali rispetto ad altri.[\/vc_column_text]\n<div class=\"wpcf7 no-js\" id=\"wpcf7-f7-o1\" lang=\"it-IT\" dir=\"ltr\" data-wpcf7-id=\"7\">\n<div class=\"screen-reader-response\"><p role=\"status\" aria-live=\"polite\" aria-atomic=\"true\"><\/p> <ul><\/ul><\/div>\n<form action=\"\/index.php?rest_route=%2Fwp%2Fv2%2Fpages%2F18#wpcf7-f7-o1\" method=\"post\" class=\"wpcf7-form init\" aria-label=\"Modulo di contatto\" novalidate=\"novalidate\" data-status=\"init\">\n<fieldset class=\"hidden-fields-container\"><input type=\"hidden\" name=\"_wpcf7\" value=\"7\" \/><input type=\"hidden\" name=\"_wpcf7_version\" value=\"6.1.5\" \/><input type=\"hidden\" name=\"_wpcf7_locale\" value=\"it_IT\" \/><input type=\"hidden\" name=\"_wpcf7_unit_tag\" value=\"wpcf7-f7-o1\" \/><input type=\"hidden\" name=\"_wpcf7_container_post\" value=\"0\" \/><input type=\"hidden\" name=\"_wpcf7_posted_data_hash\" value=\"\" \/>\n<\/fieldset>\n<p><label><span class=\"wpcf7-form-control-wrap\" data-name=\"text-411\"><input size=\"40\" maxlength=\"400\" class=\"wpcf7-form-control wpcf7-text\" aria-invalid=\"false\" placeholder=\"Nome e cognome\" value=\"\" type=\"text\" name=\"text-411\" \/><\/span><br \/>\n<\/label><br \/>\n<label><span class=\"wpcf7-form-control-wrap\" data-name=\"your-email\"><input size=\"40\" maxlength=\"400\" class=\"wpcf7-form-control wpcf7-email wpcf7-validates-as-required wpcf7-text wpcf7-validates-as-email\" autocomplete=\"email\" aria-required=\"true\" aria-invalid=\"false\" placeholder=\"Email\" value=\"\" type=\"email\" name=\"your-email\" \/><\/span><br \/>\n<\/label><br \/>\n<label><span class=\"wpcf7-form-control-wrap\" data-name=\"tel-107\"><input size=\"40\" maxlength=\"400\" class=\"wpcf7-form-control wpcf7-tel wpcf7-validates-as-required wpcf7-text wpcf7-validates-as-tel\" aria-required=\"true\" aria-invalid=\"false\" placeholder=\"Telefono\" value=\"\" type=\"tel\" name=\"tel-107\" \/><\/span><br \/>\n<\/label><br \/>\n<label><br \/>\n<span class=\"wpcf7-form-control-wrap\" data-name=\"your-message\"><textarea cols=\"40\" rows=\"10\" maxlength=\"2000\" class=\"wpcf7-form-control wpcf7-textarea\" aria-invalid=\"false\" placeholder=\"Richiesta preventivo per...\" name=\"your-message\"><\/textarea><\/span><br \/>\n<\/label>\n<\/p>\n<p><span class=\"wpcf7-form-control-wrap kc_captcha\" data-name=\"kc_captcha\"><span class=\"wpcf7-form-control wpcf7-radio\"><span class=\"captcha-image\" ><span class=\"cf7ic_instructions\">Dimostra di essere umano selezionando<span> camion<\/span>.<\/span><label><input aria-label=\"1\" type=\"radio\" name=\"kc_captcha\" value=\"bot\" \/><svg aria-hidden=\"true\" role=\"img\" xmlns=\"http:\/\/www.w3.org\/2000\/svg\" viewBox=\"0 0 576 512\"><path fill=\"currentColor\" d=\"M415 24c-53 0-103 42-127 65-24-23-74-65-127-65C70 24 16 77 16 166c0 72 67 133 69 135l187 181c9 8 23 8 32 0l187-180c2-3 69-64 69-136 0-89-54-142-145-142z\"\/><\/svg><\/label><label><input aria-label=\"2\" type=\"radio\" name=\"kc_captcha\" value=\"bot\" \/><svg aria-hidden=\"true\" role=\"img\" xmlns=\"http:\/\/www.w3.org\/2000\/svg\" viewBox=\"0 0 576 512\"><path fill=\"currentColor\" d=\"M488 313v143c0 13-11 24-24 24H348c-7 0-12-5-12-12V356c0-7-5-12-12-12h-72c-7 0-12 5-12 12v112c0 7-5 12-12 12H112c-13 0-24-11-24-24V313c0-4 2-7 4-10l188-154c5-4 11-4 16 0l188 154c2 3 4 6 4 10zm84-61l-84-69V44c0-6-5-12-12-12h-56c-7 0-12 6-12 12v73l-89-74a48 48 0 00-61 0L4 252c-5 4-5 12-1 17l25 31c5 5 12 5 17 1l235-193c5-4 11-4 16 0l235 193c5 5 13 4 17-1l25-31c4-6 4-13-1-17z\"\/><\/svg><\/label><label><input aria-label=\"3\" type=\"radio\" name=\"kc_captcha\" value=\"kc_human\" \/><svg aria-hidden=\"true\" role=\"img\" xmlns=\"http:\/\/www.w3.org\/2000\/svg\" viewBox=\"0 0 640 512\"><path fill=\"currentColor\" d=\"M624 352h-16V244c0-13-5-25-14-34L494 110c-9-9-21-14-34-14h-44V48c0-26-21-48-48-48H48C22 0 0 22 0 48v320c0 27 22 48 48 48h16a96 96 0 00192 0h128a96 96 0 00192 0h48c9 0 16-7 16-16v-32c0-9-7-16-16-16zM160 464a48 48 0 110-96 48 48 0 010 96zm320 0a48 48 0 110-96 48 48 0 010 96zm80-208H416V144h44l100 100v12z\"\/><\/svg><\/label>\r\n    <\/span>\r\n    <span style=\"display:none\">\r\n        <input type=\"text\" name=\"kc_honeypot\">\r\n    <\/span><\/span><\/span>\n<\/p>\n<p><input class=\"wpcf7-form-control wpcf7-submit has-spinner\" type=\"submit\" value=\"Invia\" \/>\n<\/p><div class=\"wpcf7-response-output\" aria-hidden=\"true\"><\/div>\n<\/form>\n<\/div>\n[\/vc_column][vc_column width=&#8221;1\/2&#8243;][vc_column_text]<\/p>\n<h3>Apertura porte: marchi trattati.<\/h3>\n<p>Prima di parlare dei marchi di serrature che trattiamo, ci teniamo a specificare, per coloro che hanno ancora la porta (oppure la serratura) in garanzia, che noi non siamo una assistenza di brand e quindi il nostro servizio non \u00e8 mai il servizio di garanzia.<\/p>\n<p>Facciamo un esempio: se avete installato una porta blindata Dierre, noi non facciamo parte dell&#8217;assistenza ufficiale di questa casa di produzione e quindi se affidate la vostra porta in garanzia a noi, la garanzia potrebbe decadere. In questo caso dovrete chiamare proprio la ditta che vi ha installato la porta\u00a0 o la stessa casa di produzione. Chiaramente, quando qualcuno si trova in una condizione di emergenza, non ha tempo di aspettare i normali orari d&#8217;ufficio che magari pu\u00f2 avere una grande ditta, ma per correttezza ci tenevamo a sottolineare questo punto.<\/p>\n<p>Trattiamo le porte blindate da classe 1 a classe 3, 4, 5, 6, porte di sicurezza anti-sfondamento, anti-trapano e anti pass-partout. Utilizziamo metodi innovativi per aprire le porte senza arrecare alcun danno.[\/vc_column_text][vc_column_text]<strong>Marchi di porte blindate trattati:<\/strong><\/p>\n<p>Oikos, Vighi, Torterolo e Re, Dierre, Metalnova, De Nardi, Ballan, Tesio , Fiam, Mottura, Antonioli, A uno, Cisa, Evva, Fichette, Cerutti, Moia, Securemme, Iseo, Dom, Sica, Yale, Viro, Silca, CR, Dorma, MASTER, DI.BI., Scrigno.[\/vc_column_text][\/vc_column][\/vc_row][vc_row][vc_column width=&#8221;1\/3&#8243;][vc_column_text]<img loading=\"lazy\" decoding=\"async\" class=\"alignnone size-medium wp-image-636\" src=\"https:\/\/assistenzatecnica24h.com\/wp-content\/uploads\/2024\/04\/Immagine-WhatsApp-2024-03-26-ore-10.44.44_c888631c-300x300.webp\" alt=\"interventi fabbro Biella\" width=\"300\" height=\"300\" srcset=\"https:\/\/www.assistenzatecnica24h.com\/wp-content\/uploads\/2024\/04\/Immagine-WhatsApp-2024-03-26-ore-10.44.44_c888631c-300x300.webp 300w, https:\/\/www.assistenzatecnica24h.com\/wp-content\/uploads\/2024\/04\/Immagine-WhatsApp-2024-03-26-ore-10.44.44_c888631c-1024x1024.webp 1024w, https:\/\/www.assistenzatecnica24h.com\/wp-content\/uploads\/2024\/04\/Immagine-WhatsApp-2024-03-26-ore-10.44.44_c888631c-150x150.webp 150w, https:\/\/www.assistenzatecnica24h.com\/wp-content\/uploads\/2024\/04\/Immagine-WhatsApp-2024-03-26-ore-10.44.44_c888631c-768x768.webp 768w, https:\/\/www.assistenzatecnica24h.com\/wp-content\/uploads\/2024\/04\/Immagine-WhatsApp-2024-03-26-ore-10.44.44_c888631c.webp 1200w\" sizes=\"auto, (max-width: 300px) 100vw, 300px\" \/>[\/vc_column_text][\/vc_column][vc_column width=&#8221;1\/3&#8243;][vc_column_text]<img loading=\"lazy\" decoding=\"async\" class=\"alignnone size-medium wp-image-248\" src=\"https:\/\/assistenzatecnica24h.com\/wp-content\/uploads\/2023\/02\/marche-serrature-300x146.png\" alt=\"\" width=\"300\" height=\"146\" srcset=\"https:\/\/www.assistenzatecnica24h.com\/wp-content\/uploads\/2023\/02\/marche-serrature-300x146.png 300w, https:\/\/www.assistenzatecnica24h.com\/wp-content\/uploads\/2023\/02\/marche-serrature.png 575w\" sizes=\"auto, (max-width: 300px) 100vw, 300px\" \/>[\/vc_column_text][\/vc_column][vc_column width=&#8221;1\/3&#8243;][vc_column_text]<img loading=\"lazy\" decoding=\"async\" class=\"alignnone size-medium wp-image-158\" src=\"https:\/\/assistenzatecnica24h.com\/wp-content\/uploads\/2023\/02\/ASSISTENZA24H-e1676906353750-226x300.webp\" alt=\"FABBRO 24 ORE\" width=\"226\" height=\"300\" srcset=\"https:\/\/www.assistenzatecnica24h.com\/wp-content\/uploads\/2023\/02\/ASSISTENZA24H-e1676906353750-226x300.webp 226w, https:\/\/www.assistenzatecnica24h.com\/wp-content\/uploads\/2023\/02\/ASSISTENZA24H-e1676906353750.webp 400w\" sizes=\"auto, (max-width: 226px) 100vw, 226px\" \/>[\/vc_column_text][\/vc_column][\/vc_row][vc_row][vc_column][vc_column_text]Se hai mai trovato la porta di casa o dell&#8217;ufficio chiusa inaspettatamente, capisci quanto possa essere frustrante e stressante. L&#8217;apertura porte \u00e8 un servizio essenziale che pu\u00f2 farti risparmiare tempo e preoccupazioni in situazioni di emergenza. Vediamo di cosa si tratta e come puoi ottenere assistenza immediata se ne hai bisogno.<\/p>\n<p><strong>Cos&#8217;\u00e8 l&#8217;Apertura Porte? <\/strong>L&#8217;apertura porte \u00e8 un servizio specializzato che offre soluzioni rapide ed efficienti per aprire porte chiuse accidentalmente o danneggiate. Pu\u00f2 trattarsi di porte di abitazioni private, uffici o veicoli, e spesso \u00e8 richiesto in situazioni di emergenza. Questo servizio \u00e8 progettato per aiutarti a recuperare l&#8217;accesso al tuo spazio vitale o di lavoro nel minor tempo possibile.<\/p>\n<p><strong>Cosa Fare in Caso di Necessit\u00e0? <\/strong>Se ti trovi nella sfortunata situazione di aver bisogno di un servizio di apertura porte, \u00e8 importante mantenere la calma. La prima cosa da fare \u00e8 contattare un professionista specializzato. Cerca un servizio affidabile che offra assistenza 24\/7, come il nostro team di pronto intervento. I nostri esperti sono pronti a rispondere alle tue chiamate in qualsiasi momento del giorno o della notte, garantendo una soluzione tempestiva al tuo problema.<\/p>\n<p><strong>Il Nostro Servizio di Pronto Intervento.\u00a0<\/strong>Il nostro team di pronto intervento \u00e8 composto da tecnici altamente qualificati e attrezzati con strumenti all&#8217;avanguardia per affrontare qualsiasi sfida legata all&#8217;apertura porte. Siamo consapevoli che le emergenze possono verificarsi in qualsiasi momento, ed \u00e8 per questo che siamo disponibili 24 ore su 24, 7 giorni su 7. La tua sicurezza e tranquillit\u00e0 sono la nostra priorit\u00e0.<\/p>\n<p><a href=\"https:\/\/www.blindoserr.it\/\" target=\"_blank\" rel=\"noopener\"><strong>Contattaci per Ogni Urgenza.\u00a0<\/strong><\/a>Se ti trovi nella circostanza stressante di aver bisogno di un servizio di apertura porte, non esitare a contattarci. Siamo pronti ad ascoltare le tue esigenze e a inviare immediatamente un tecnico qualificato sul posto. La nostra esperienza e affidabilit\u00e0 ci contraddistinguono, assicurandoti una soluzione efficiente in ogni circostanza.<\/p>\n<p>Non lasciare che un inconveniente come una porta chiusa rovini la tua giornata. Chiama il nostro servizio di apertura porte per un intervento rapido e professionale. Siamo qui per garantire la tua tranquillit\u00e0 in qualsiasi momento. L&#8217;apertura porte \u00e8 la chiave per superare ogni emergenza con sicurezza e serenit\u00e0.[\/vc_column_text][\/vc_column][\/vc_row]<\/p>\n<\/div>","protected":false},"excerpt":{"rendered":"<p>[vc_row][vc_column width=&#8221;1\/2&#8243;][vc_column_text]Apertura porte: sei rimasto chiuso fuori casa? Chiama subito il numero 351 88 16 239. Arriviamo in 15 minuti a casa tua e ti aiutiamo ad aprire la tua porta di legno o blindata in pochissimo tempo e senza alcun danno. Apertura porte: chiama un fabbro esperto. A rispondere alla tua chiamata sar\u00e0 una<a href=\"https:\/\/www.assistenzatecnica24h.com\/?page_id=18\" class=\"more-link\">Read More<\/a><\/p>\n","protected":false},"author":3,"featured_media":651,"parent":0,"menu_order":0,"comment_status":"closed","ping_status":"closed","template":"","meta":{"footnotes":""},"class_list":["post-18","page","type-page","status-publish","has-post-thumbnail","hentry"],"_links":{"self":[{"href":"https:\/\/www.assistenzatecnica24h.com\/index.php?rest_route=\/wp\/v2\/pages\/18","targetHints":{"allow":["GET"]}}],"collection":[{"href":"https:\/\/www.assistenzatecnica24h.com\/index.php?rest_route=\/wp\/v2\/pages"}],"about":[{"href":"https:\/\/www.assistenzatecnica24h.com\/index.php?rest_route=\/wp\/v2\/types\/page"}],"author":[{"embeddable":true,"href":"https:\/\/www.assistenzatecnica24h.com\/index.php?rest_route=\/wp\/v2\/users\/3"}],"replies":[{"embeddable":true,"href":"https:\/\/www.assistenzatecnica24h.com\/index.php?rest_route=%2Fwp%2Fv2%2Fcomments&post=18"}],"version-history":[{"count":44,"href":"https:\/\/www.assistenzatecnica24h.com\/index.php?rest_route=\/wp\/v2\/pages\/18\/revisions"}],"predecessor-version":[{"id":703,"href":"https:\/\/www.assistenzatecnica24h.com\/index.php?rest_route=\/wp\/v2\/pages\/18\/revisions\/703"}],"wp:featuredmedia":[{"embeddable":true,"href":"https:\/\/www.assistenzatecnica24h.com\/index.php?rest_route=\/wp\/v2\/media\/651"}],"wp:attachment":[{"href":"https:\/\/www.assistenzatecnica24h.com\/index.php?rest_route=%2Fwp%2Fv2%2Fmedia&parent=18"}],"curies":[{"name":"wp","href":"https:\/\/api.w.org\/{rel}","templated":true}]}}