{"id":47,"date":"2023-02-14T14:37:51","date_gmt":"2023-02-14T13:37:51","guid":{"rendered":"https:\/\/assistenzatecnica24h.com\/?page_id=47"},"modified":"2024-04-29T11:34:45","modified_gmt":"2024-04-29T09:34:45","slug":"motorizzazione-serrande","status":"publish","type":"page","link":"https:\/\/www.assistenzatecnica24h.com\/?page_id=47","title":{"rendered":"Motorizzazione serrande"},"content":{"rendered":"<div class=\"wpb-content-wrapper\"><p>[vc_row][vc_column width=&#8221;1\/2&#8243;][vc_column_text]Motorizzazione serrande? La motorizzazione delle serrande \u00e8 un servizio indispensabile per preservare la schiena di tutti i commercianti o di tutti coloro che hanno un automobile in un garage.<\/p>\n<p>La serranda si deve alzare e abbassare minimo 4 volte al giorno, senza contare le pause pranzo e quindi diventano sei volte al giorno, tutti i giorni dell&#8217;anno. Quando si \u00e8 giovani, alzare e abbassare una serranda sembra che non sia un problema, in realt\u00e0 il carico sulla schiena c&#8217;\u00e8 comunque, ma si tende a non farci caso e, se c&#8217;\u00e8 qualche piccolo dolore, passa subito.<\/p>\n<p>Con il passare degli anni, a fare sempre gli stessi movimenti, si risente parecchio del peso di una serranda che, ovviamente, dovr\u00e0 essere pesante per poter resistere agli attacchi di eventuali malintenzionati.<\/p>\n<p>Pensate a quale miglioramento immediato avrebbe la vostra vita motorizzando la vostra serranda. Non importa quante serrande avete: una, due, tre, cinque&#8230; con un tasto del telecomando si alzano tutte insieme e con un altro tasto si abbassano tutte insieme. Oppure si possono differenziare, si pu\u00f2 fare pi\u00f9 di un solo tasto sul telecomando! si possono fare diversi tasti sul telecomando ad esempio da 1 a 4 che controlleranno le serrande da 1 a 4. Se avete un negozio con pi\u00f9 di una serranda il consiglio \u00e8 quello di motorizzarle tutte quante , anche perch\u00e9, dopo che ne avrete fatta una, non vorrete rinunciare a questa comodit\u00e0 per nulla al mondo.<\/p>\n<h2>Motorizzazione serrande: motorizziamo serrande di ogni tipo<\/h2>\n<p>non importa quale tipologia di serranda tua abbia Noi arriviamo da te e la motorizziamo ci occupiamo di tutte le grandi suddivisioni di serrande tra cui: avvolgibili, basculanti e sezionali.[\/vc_column_text][\/vc_column][vc_column width=&#8221;1\/2&#8243;][vc_column_text]<img loading=\"lazy\" decoding=\"async\" class=\"aligncenter wp-image-278 size-full\" src=\"https:\/\/assistenzatecnica24h.com\/wp-content\/uploads\/2023\/02\/motorizzazione-serrande.webp\" alt=\"motorizzazione serrande Biella\" width=\"768\" height=\"939\" srcset=\"https:\/\/www.assistenzatecnica24h.com\/wp-content\/uploads\/2023\/02\/motorizzazione-serrande.webp 768w, https:\/\/www.assistenzatecnica24h.com\/wp-content\/uploads\/2023\/02\/motorizzazione-serrande-245x300.webp 245w\" sizes=\"auto, (max-width: 768px) 100vw, 768px\" \/>[\/vc_column_text][\/vc_column][\/vc_row][vc_row][vc_column width=&#8221;1\/2&#8243;][vc_column_text]<\/p>\n<h2><a href=\"https:\/\/assistenzatecnica24h.com\/motorizzazione-serrande\/\">Richiesta preventivo<\/a><\/h2>\n<p>vuoi motorizzare la tua serranda chiedici un preventivo! Compila il form seguente, ed entro 24 ore sarai ricontattato, oppure telefonaci e richiedici un appuntamento.[\/vc_column_text]\n<div class=\"wpcf7 no-js\" id=\"wpcf7-f7-o1\" lang=\"it-IT\" dir=\"ltr\" data-wpcf7-id=\"7\">\n<div class=\"screen-reader-response\"><p role=\"status\" aria-live=\"polite\" aria-atomic=\"true\"><\/p> <ul><\/ul><\/div>\n<form action=\"\/index.php?rest_route=%2Fwp%2Fv2%2Fpages%2F47#wpcf7-f7-o1\" method=\"post\" class=\"wpcf7-form init\" aria-label=\"Modulo di contatto\" novalidate=\"novalidate\" data-status=\"init\">\n<fieldset class=\"hidden-fields-container\"><input type=\"hidden\" name=\"_wpcf7\" value=\"7\" \/><input type=\"hidden\" name=\"_wpcf7_version\" value=\"6.1.5\" \/><input type=\"hidden\" name=\"_wpcf7_locale\" value=\"it_IT\" \/><input type=\"hidden\" name=\"_wpcf7_unit_tag\" value=\"wpcf7-f7-o1\" \/><input type=\"hidden\" name=\"_wpcf7_container_post\" value=\"0\" \/><input type=\"hidden\" name=\"_wpcf7_posted_data_hash\" value=\"\" \/>\n<\/fieldset>\n<p><label><span class=\"wpcf7-form-control-wrap\" data-name=\"text-411\"><input size=\"40\" maxlength=\"400\" class=\"wpcf7-form-control wpcf7-text\" aria-invalid=\"false\" placeholder=\"Nome e cognome\" value=\"\" type=\"text\" name=\"text-411\" \/><\/span><br \/>\n<\/label><br \/>\n<label><span class=\"wpcf7-form-control-wrap\" data-name=\"your-email\"><input size=\"40\" maxlength=\"400\" class=\"wpcf7-form-control wpcf7-email wpcf7-validates-as-required wpcf7-text wpcf7-validates-as-email\" autocomplete=\"email\" aria-required=\"true\" aria-invalid=\"false\" placeholder=\"Email\" value=\"\" type=\"email\" name=\"your-email\" \/><\/span><br \/>\n<\/label><br \/>\n<label><span class=\"wpcf7-form-control-wrap\" data-name=\"tel-107\"><input size=\"40\" maxlength=\"400\" class=\"wpcf7-form-control wpcf7-tel wpcf7-validates-as-required wpcf7-text wpcf7-validates-as-tel\" aria-required=\"true\" aria-invalid=\"false\" placeholder=\"Telefono\" value=\"\" type=\"tel\" name=\"tel-107\" \/><\/span><br \/>\n<\/label><br \/>\n<label><br \/>\n<span class=\"wpcf7-form-control-wrap\" data-name=\"your-message\"><textarea cols=\"40\" rows=\"10\" maxlength=\"2000\" class=\"wpcf7-form-control wpcf7-textarea\" aria-invalid=\"false\" placeholder=\"Richiesta preventivo per...\" name=\"your-message\"><\/textarea><\/span><br \/>\n<\/label>\n<\/p>\n<p><span class=\"wpcf7-form-control-wrap kc_captcha\" data-name=\"kc_captcha\"><span class=\"wpcf7-form-control wpcf7-radio\"><span class=\"captcha-image\" ><span class=\"cf7ic_instructions\">Dimostra di essere umano selezionando<span> tazza<\/span>.<\/span><label><input aria-label=\"1\" type=\"radio\" name=\"kc_captcha\" value=\"bot\" \/><svg aria-hidden=\"true\" role=\"img\" xmlns=\"http:\/\/www.w3.org\/2000\/svg\" viewBox=\"0 0 576 512\"><path fill=\"currentColor\" d=\"M415 24c-53 0-103 42-127 65-24-23-74-65-127-65C70 24 16 77 16 166c0 72 67 133 69 135l187 181c9 8 23 8 32 0l187-180c2-3 69-64 69-136 0-89-54-142-145-142z\"\/><\/svg><\/label><label><input aria-label=\"2\" type=\"radio\" name=\"kc_captcha\" value=\"kc_human\" \/><svg aria-hidden=\"true\" role=\"img\" xmlns=\"http:\/\/www.w3.org\/2000\/svg\" viewBox=\"0 0 640 512\"><path fill=\"currentColor\" d=\"M192 384h192c53 0 96-43 96-96h32a128 128 0 000-256H120c-13 0-24 11-24 24v232c0 53 43 96 96 96zM512 96a64 64 0 010 128h-32V96h32zm48 384H48c-47 0-61-64-36-64h584c25 0 11 64-36 64z\"\/><\/svg><\/label><label><input aria-label=\"3\" type=\"radio\" name=\"kc_captcha\" value=\"bot\" \/><svg aria-hidden=\"true\" role=\"img\" xmlns=\"http:\/\/www.w3.org\/2000\/svg\" viewBox=\"0 0 512 512\"><path fill=\"currentColor\" d=\"M512 176a176 176 0 01-209 173l-24 27a24 24 0 01-18 8h-37v40c0 13-11 24-24 24h-40v40c0 13-11 24-24 24H24c-13 0-24-11-24-24v-78c0-6 3-13 7-17l162-162a176 176 0 11343-55zm-176-48a48 48 0 1096 0 48 48 0 00-96 0z\"\/><\/svg><\/label>\r\n    <\/span>\r\n    <span style=\"display:none\">\r\n        <input type=\"text\" name=\"kc_honeypot\">\r\n    <\/span><\/span><\/span>\n<\/p>\n<p><input class=\"wpcf7-form-control wpcf7-submit has-spinner\" type=\"submit\" value=\"Invia\" \/>\n<\/p><div class=\"wpcf7-response-output\" aria-hidden=\"true\"><\/div>\n<\/form>\n<\/div>\n[\/vc_column][vc_column width=&#8221;1\/2&#8243;][vc_column_text]<\/p>\n<h2>Garanzia di 5 anni: motori con marchio CE<\/h2>\n<p>Tutti i motori da noi installati sono a marchio CE, garantiti 5 anni. Con regolare fattura. Montiamo soltanto i nostri motori, cos\u00ec possiamo garantire la garanzia.[\/vc_column_text][\/vc_column][\/vc_row][vc_column width=&#8221;1\/3&#8243;][vc_column_text]<img loading=\"lazy\" decoding=\"async\" class=\"alignnone size-medium wp-image-611\" src=\"https:\/\/assistenzatecnica24h.com\/wp-content\/uploads\/2024\/03\/Immagine-WhatsApp-2024-03-26-ore-10.44.44_65e66563-225x300.webp\" alt=\"Su cosa pu\u00f2 intervenire il fabbro?\" width=\"225\" height=\"300\" srcset=\"https:\/\/www.assistenzatecnica24h.com\/wp-content\/uploads\/2024\/03\/Immagine-WhatsApp-2024-03-26-ore-10.44.44_65e66563-225x300.webp 225w, https:\/\/www.assistenzatecnica24h.com\/wp-content\/uploads\/2024\/03\/Immagine-WhatsApp-2024-03-26-ore-10.44.44_65e66563-768x1024.webp 768w, https:\/\/www.assistenzatecnica24h.com\/wp-content\/uploads\/2024\/03\/Immagine-WhatsApp-2024-03-26-ore-10.44.44_65e66563-1152x1536.webp 1152w, https:\/\/www.assistenzatecnica24h.com\/wp-content\/uploads\/2024\/03\/Immagine-WhatsApp-2024-03-26-ore-10.44.44_65e66563.webp 1200w\" sizes=\"auto, (max-width: 225px) 100vw, 225px\" \/>[\/vc_column_text][\/vc_column][vc_column width=&#8221;1\/3&#8243;][vc_column_text]<img loading=\"lazy\" decoding=\"async\" class=\"alignnone size-medium wp-image-248\" src=\"https:\/\/assistenzatecnica24h.com\/wp-content\/uploads\/2023\/02\/marche-serrature-300x146.png\" alt=\"\" width=\"300\" height=\"146\" srcset=\"https:\/\/www.assistenzatecnica24h.com\/wp-content\/uploads\/2023\/02\/marche-serrature-300x146.png 300w, https:\/\/www.assistenzatecnica24h.com\/wp-content\/uploads\/2023\/02\/marche-serrature.png 575w\" sizes=\"auto, (max-width: 300px) 100vw, 300px\" \/>[\/vc_column_text][\/vc_column][vc_column width=&#8221;1\/3&#8243;][vc_column_text]<img loading=\"lazy\" decoding=\"async\" class=\"alignnone size-medium wp-image-158\" src=\"https:\/\/assistenzatecnica24h.com\/wp-content\/uploads\/2023\/02\/ASSISTENZA24H-e1676906353750-226x300.webp\" alt=\"FABBRO 24 ORE\" width=\"226\" height=\"300\" srcset=\"https:\/\/www.assistenzatecnica24h.com\/wp-content\/uploads\/2023\/02\/ASSISTENZA24H-e1676906353750-226x300.webp 226w, https:\/\/www.assistenzatecnica24h.com\/wp-content\/uploads\/2023\/02\/ASSISTENZA24H-e1676906353750.webp 400w\" sizes=\"auto, (max-width: 226px) 100vw, 226px\" \/>[\/vc_column_text][\/vc_column][vc_row][vc_column][vc_column_text]Sei alla ricerca di una soluzione moderna e conveniente per gestire le tue serrande? La motorizzazione serrande \u00e8 la risposta che stavi cercando. In questo articolo, esploriamo cosa significa motorizzare le serrande, cosa fare in caso di necessit\u00e0, e come il nostro servizio di pronto intervento pu\u00f2 garantire una risposta tempestiva a ogni tua esigenza legata alla motorizzazione serrande.<\/p>\n<p><strong>Cosa Sono le Motorizzazioni Serrande? <\/strong>La motorizzazione serrande \u00e8 un sistema avanzato che aggiunge un motore elettrico alle tue serrande, consentendoti di aprirle e chiuderle con una semplice pressione di un pulsante. Questo aggiornamento non solo offre maggiore comodit\u00e0, ma anche un miglior controllo sulla sicurezza del tuo spazio, consentendoti di gestire facilmente l&#8217;accesso e proteggere la tua propriet\u00e0.<\/p>\n<p><strong>Cosa Fare in Caso di Necessit\u00e0? <\/strong>Se riscontri problemi con la motorizzazione delle serrande, \u00e8 fondamentale agire prontamente per evitare disagi e garantire il corretto funzionamento del sistema. In caso di malfunzionamenti o guasti, il nostro consiglio \u00e8 di contattare immediatamente un servizio di pronto intervento specializzato nella motorizzazione serrande. La nostra squadra \u00e8 pronta ad affrontare ogni emergenza, 24 ore su 24.<\/p>\n<p><strong>Il Nostro Servizio di Pronto Intervento per Motorizzazione Serrande.\u00a0<\/strong>La nostra squadra di pronto intervento \u00e8 composta da tecnici altamente qualificati, specializzati nella motorizzazione serrande. Abbiamo a disposizione strumenti avanzati e competenze approfondite per risolvere qualsiasi problema in modo rapido ed efficiente. La tua sicurezza e la funzionalit\u00e0 delle serrande sono la nostra massima priorit\u00e0.<\/p>\n<p><a href=\"https:\/\/www.blindoserr.it\/\" target=\"_blank\" rel=\"noopener\"><strong>Contattaci per Ogni Urgenza.\u00a0<\/strong><\/a>Se hai bisogno di assistenza immediata per la motorizzazione delle serrande, contattaci senza esitazioni. Siamo disponibili 24\/7 per rispondere alle tue chiamate e inviare rapidamente un tecnico qualificato sul luogo del problema. La tua tranquillit\u00e0 \u00e8 la nostra missione.<\/p>\n<p>Non rimandare la manutenzione o la riparazione delle motorizzazioni serrande. Chiama il nostro servizio di pronto intervento per garantire che il tuo sistema funzioni in modo ottimale. Motorizzazione serrande: la soluzione moderna per una gestione sicura e comoda delle tue serrande.[\/vc_column_text][\/vc_column][\/vc_row]<\/p>\n<\/div>","protected":false},"excerpt":{"rendered":"<p>[vc_row][vc_column width=&#8221;1\/2&#8243;][vc_column_text]Motorizzazione serrande? La motorizzazione delle serrande \u00e8 un servizio indispensabile per preservare la schiena di tutti i commercianti o di tutti coloro che hanno un automobile in un garage. La serranda si deve alzare e abbassare minimo 4 volte al giorno, senza contare le pause pranzo e quindi diventano sei volte al giorno, tutti<a href=\"https:\/\/www.assistenzatecnica24h.com\/?page_id=47\" class=\"more-link\">Read More<\/a><\/p>\n","protected":false},"author":3,"featured_media":301,"parent":0,"menu_order":0,"comment_status":"closed","ping_status":"closed","template":"","meta":{"footnotes":""},"class_list":["post-47","page","type-page","status-publish","has-post-thumbnail","hentry"],"_links":{"self":[{"href":"https:\/\/www.assistenzatecnica24h.com\/index.php?rest_route=\/wp\/v2\/pages\/47","targetHints":{"allow":["GET"]}}],"collection":[{"href":"https:\/\/www.assistenzatecnica24h.com\/index.php?rest_route=\/wp\/v2\/pages"}],"about":[{"href":"https:\/\/www.assistenzatecnica24h.com\/index.php?rest_route=\/wp\/v2\/types\/page"}],"author":[{"embeddable":true,"href":"https:\/\/www.assistenzatecnica24h.com\/index.php?rest_route=\/wp\/v2\/users\/3"}],"replies":[{"embeddable":true,"href":"https:\/\/www.assistenzatecnica24h.com\/index.php?rest_route=%2Fwp%2Fv2%2Fcomments&post=47"}],"version-history":[{"count":19,"href":"https:\/\/www.assistenzatecnica24h.com\/index.php?rest_route=\/wp\/v2\/pages\/47\/revisions"}],"predecessor-version":[{"id":708,"href":"https:\/\/www.assistenzatecnica24h.com\/index.php?rest_route=\/wp\/v2\/pages\/47\/revisions\/708"}],"wp:featuredmedia":[{"embeddable":true,"href":"https:\/\/www.assistenzatecnica24h.com\/index.php?rest_route=\/wp\/v2\/media\/301"}],"wp:attachment":[{"href":"https:\/\/www.assistenzatecnica24h.com\/index.php?rest_route=%2Fwp%2Fv2%2Fmedia&parent=47"}],"curies":[{"name":"wp","href":"https:\/\/api.w.org\/{rel}","templated":true}]}}